{"id":139,"date":"2024-05-30T11:40:37","date_gmt":"2024-05-30T09:40:37","guid":{"rendered":"https:\/\/gpmbc.fr\/?page_id=139"},"modified":"2024-05-30T17:20:29","modified_gmt":"2024-05-30T15:20:29","slug":"elementor-139","status":"publish","type":"page","link":"https:\/\/gpmbc.fr\/index.php\/elementor-139\/","title":{"rendered":"ReLooking gpmbc"},"content":{"rendered":"\t\t<div data-elementor-type=\"wp-page\" data-elementor-id=\"139\" class=\"elementor elementor-139\">\n\t\t\t\t<div class=\"elementor-element elementor-element-41b5c43 e-grid e-con-full e-con e-parent\" data-id=\"41b5c43\" data-element_type=\"container\">\n\t\t\t\t<div class=\"elementor-element elementor-element-23b5372 elementor-widget elementor-widget-prime-slider-blog\" data-id=\"23b5372\" data-element_type=\"widget\" data-widget_type=\"prime-slider-blog.coral\">\n\t\t\t\t<div class=\"elementor-widget-container\">\n\t\t\t\t\t<div class=\"bdt-prime-slider\">\n\t\t\t<div class=\"bdt-prime-slider-skin-coral\">\n\t\t\t\t<div class=\"bdt-position-relative bdt-visible-toggle\" data-settings=\"{&quot;id&quot;:&quot;#bdt-23b5372&quot;,&quot;animation_status&quot;:&quot;no&quot;}\" id=\"bdt-23b5372\" bdt-slideshow=\"{&quot;animation&quot;:&quot;fade&quot;,&quot;ratio&quot;:&quot;16:9&quot;,&quot;min-height&quot;:&quot;440&quot;,&quot;autoplay&quot;:true,&quot;autoplay-interval&quot;:7000,&quot;pause-on-hover&quot;:false,&quot;velocity&quot;:1,&quot;finite&quot;:false}\">\n\t\t\t\t\t<ul class=\"bdt-slideshow-items\">\n\t\t\t\t\t\t\n          <li class=\"bdt-slideshow-item bdt-flex bdt-flex-middle elementor-repeater-item-114\">\n\n              \n                \n        <div class=\"bdt-ps-slide-img\" style=\"background-image: url('https:\/\/gpmbc.fr\/wp-content\/uploads\/2020\/03\/GMPBC_photo.reunion.15nov19-e1591879860300.jpg')\"><\/div>\n\n        \n                \n                              <div class=\"bdt-overlay-default bdt-position-cover\"><\/div>\n              \n              \n      <div class=\"bdt-slideshow-content-wrapper\">\n        <div class=\"bdt-prime-slider-wrapper\">\n          <div class=\"bdt-prime-slider-content\">\n            <div class=\"bdt-prime-slider-desc\" bdt-grid>\n              <div class=\"bdt-width-1-1 bdt-width-2-3@s\">\n\n                <div data-bdt-slideshow-parallax=\"y: 20,0,-20; opacity: 1,1,0\">\n                                  <\/div>\n\n                                <div class=\"bdt-main-title\" data-reveal=\"reveal-active\">\n                  <h1 class=\"bdt-title-tag\" data-bdt-slideshow-parallax=\"y: 50,0,-50; opacity: 1,1,0\">\n\n                  <a href=\"https:\/\/gpmbc.fr\/index.php\/2020\/06\/11\/le-gpmbc-relaie-ses-demandes-adressees-au-president-du-conseil-portuaire-dechanges-sur-les-indicateurs-de-performance-kpis-de-la-dsp\/\">\n                      <span class=\"frist-word\">Le<\/span> GPMBC relaie ses demandes, adress\u00e9es au Pr\u00e9sident du Conseil Portuaire, d\u2019\u00e9changes sur les \u00ab\u00a0Indicateurs de Performance\u00a0\u00bb (KPI&rsquo;s) de la DSP                  <\/a>\n\n                <\/h1>\n              <\/div>\n                \n              <div data-bdt-slideshow-parallax=\"y: 60,0,-50; opacity: 1,1,0\">\n                      <div class=\"bdt-blog-text\" data-reveal=\"reveal-active\">\n            <p>Le Pr\u00e9sident du GPMBC a envoy\u00e9 \u00e0 des repr\u00e9sentants de la R\u00e9gion et du D\u00e9partement au Conseil Portuaire, la demande de plusieurs de ses membres pour une pr\u00e9sentation publique et<\/p>\n        <\/div>\n                      <\/div>\n\n              <!-- <div data-bdt-slideshow-parallax=\"y: 80,0,-60; opacity: 1,1,0\"> -->\n                                              <!-- <\/div> -->\n\n              <div class=\"bdt-coral-btn\" data-reveal=\"reveal-active\" data-bdt-slideshow-parallax=\"y: 150,0,-100; opacity: 1,1,0\">\n                  \n        \n            <a class=\"bdt-slide-btn\"  href=\"https:\/\/gpmbc.fr\/index.php\/2020\/06\/11\/le-gpmbc-relaie-ses-demandes-adressees-au-president-du-conseil-portuaire-dechanges-sur-les-indicateurs-de-performance-kpis-de-la-dsp\/\">\n\n                \n                <span class=\"bdt-prime-slider-button-wrapper\">\n                    <span class=\"bdt-prime-slider-button-text bdt-flex bdt-flex-middle bdt-flex-inline\">Read More<span class=\"bdt-slide-btn-icon\"><svg width=\"20\" height=\"20\" viewBox=\"0 0 20 20\" xmlns=\"http:\/\/www.w3.org\/2000\/svg\" data-svg=\"arrow-right\">\n                        <polyline fill=\"none\" stroke=\"#000\" points=\"10 5 15 9.5 10 14\"><\/polyline>\n                        <line fill=\"none\" stroke=\"#000\" x1=\"4\" y1=\"9.5\" x2=\"15\" y2=\"9.5\"><\/line>\n                    <\/svg><\/span><\/span>\n                <\/span>\n\n\n            <\/a>\n                      <\/div>\n            <\/div>\n          <\/div>\n        <\/div>\n      <\/div>\n      <\/div>\n\n        \n              \n          <\/li>\n\n\n            \n          <li class=\"bdt-slideshow-item bdt-flex bdt-flex-middle elementor-repeater-item-81\">\n\n              \n                \n        <div class=\"bdt-ps-slide-img\" style=\"background-image: url('https:\/\/gpmbc.fr\/wp-content\/uploads\/2020\/02\/GPMBC_signature.statuts.14.02.20-scaled.jpg')\"><\/div>\n\n        \n                \n                              <div class=\"bdt-overlay-default bdt-position-cover\"><\/div>\n              \n              \n      <div class=\"bdt-slideshow-content-wrapper\">\n        <div class=\"bdt-prime-slider-wrapper\">\n          <div class=\"bdt-prime-slider-content\">\n            <div class=\"bdt-prime-slider-desc\" bdt-grid>\n              <div class=\"bdt-width-1-1 bdt-width-2-3@s\">\n\n                <div data-bdt-slideshow-parallax=\"y: 20,0,-20; opacity: 1,1,0\">\n                                  <\/div>\n\n                                <div class=\"bdt-main-title\" data-reveal=\"reveal-active\">\n                  <h1 class=\"bdt-title-tag\" data-bdt-slideshow-parallax=\"y: 50,0,-50; opacity: 1,1,0\">\n\n                  <a href=\"https:\/\/gpmbc.fr\/index.php\/2020\/04\/28\/grace-a-lintelligence-collective-et-aux-efforts-de-tous-les-acteurs-portuaires-font-face\/\">\n                      <span class=\"frist-word\">Gr\u00e2ce<\/span> \u00e0 l\u2019intelligence collective et aux efforts de tous, les acteurs portuaires font face.                  <\/a>\n\n                <\/h1>\n              <\/div>\n                \n              <div data-bdt-slideshow-parallax=\"y: 60,0,-50; opacity: 1,1,0\">\n                      <div class=\"bdt-blog-text\" data-reveal=\"reveal-active\">\n            <p>Les repr\u00e9sentants des diff\u00e9rentes composantes du GPMBC (maritime, portuaire, mareyage et services) ont tenu leur r\u00e9union r\u00e9guli\u00e8re, par conf\u00e9rence audio, ce vendredi. Il ressort des \u00e9changes que la priorit\u00e9 de<\/p>\n        <\/div>\n                      <\/div>\n\n              <!-- <div data-bdt-slideshow-parallax=\"y: 80,0,-60; opacity: 1,1,0\"> -->\n                                              <!-- <\/div> -->\n\n              <div class=\"bdt-coral-btn\" data-reveal=\"reveal-active\" data-bdt-slideshow-parallax=\"y: 150,0,-100; opacity: 1,1,0\">\n                  \n        \n            <a class=\"bdt-slide-btn\"  href=\"https:\/\/gpmbc.fr\/index.php\/2020\/04\/28\/grace-a-lintelligence-collective-et-aux-efforts-de-tous-les-acteurs-portuaires-font-face\/\">\n\n                \n                <span class=\"bdt-prime-slider-button-wrapper\">\n                    <span class=\"bdt-prime-slider-button-text bdt-flex bdt-flex-middle bdt-flex-inline\">Read More<span class=\"bdt-slide-btn-icon\"><svg width=\"20\" height=\"20\" viewBox=\"0 0 20 20\" xmlns=\"http:\/\/www.w3.org\/2000\/svg\" data-svg=\"arrow-right\">\n                        <polyline fill=\"none\" stroke=\"#000\" points=\"10 5 15 9.5 10 14\"><\/polyline>\n                        <line fill=\"none\" stroke=\"#000\" x1=\"4\" y1=\"9.5\" x2=\"15\" y2=\"9.5\"><\/line>\n                    <\/svg><\/span><\/span>\n                <\/span>\n\n\n            <\/a>\n                      <\/div>\n            <\/div>\n          <\/div>\n        <\/div>\n      <\/div>\n      <\/div>\n\n        \n              \n          <\/li>\n\n\n            \n          <li class=\"bdt-slideshow-item bdt-flex bdt-flex-middle elementor-repeater-item-76\">\n\n              \n                \n        <div class=\"bdt-ps-slide-img\" style=\"background-image: url('https:\/\/gpmbc.fr\/wp-content\/uploads\/2020\/04\/TP.PortEst.termaux-scaled.jpg')\"><\/div>\n\n        \n                \n                              <div class=\"bdt-overlay-default bdt-position-cover\"><\/div>\n              \n              \n      <div class=\"bdt-slideshow-content-wrapper\">\n        <div class=\"bdt-prime-slider-wrapper\">\n          <div class=\"bdt-prime-slider-content\">\n            <div class=\"bdt-prime-slider-desc\" bdt-grid>\n              <div class=\"bdt-width-1-1 bdt-width-2-3@s\">\n\n                <div data-bdt-slideshow-parallax=\"y: 20,0,-20; opacity: 1,1,0\">\n                                  <\/div>\n\n                                <div class=\"bdt-main-title\" data-reveal=\"reveal-active\">\n                  <h1 class=\"bdt-title-tag\" data-bdt-slideshow-parallax=\"y: 50,0,-50; opacity: 1,1,0\">\n\n                  <a href=\"https:\/\/gpmbc.fr\/index.php\/2020\/04\/06\/les-associations-dusagers-du-port-boulogne-calais-souhaitent-des-mesures-daccompagnement-de-la-part-de-la-sepd\/\">\n                      <span class=\"frist-word\">Les<\/span> associations d&rsquo;usagers du Port Boulogne Calais souhaitent des mesures d&rsquo;accompagnement de la part de la SEPD                  <\/a>\n\n                <\/h1>\n              <\/div>\n                \n              <div data-bdt-slideshow-parallax=\"y: 60,0,-50; opacity: 1,1,0\">\n                      <div class=\"bdt-blog-text\" data-reveal=\"reveal-active\">\n            <p>Les entreprises halieutiques, portuaires et maritimes ont largement souffert des crises successives que nous venons de subir (mouvements sociaux d\u00e9clench\u00e9s par les r\u00e9formes des retraites, de l\u2019Assurance Ch\u00f4mage, etc). Depuis<\/p>\n        <\/div>\n                      <\/div>\n\n              <!-- <div data-bdt-slideshow-parallax=\"y: 80,0,-60; opacity: 1,1,0\"> -->\n                                              <!-- <\/div> -->\n\n              <div class=\"bdt-coral-btn\" data-reveal=\"reveal-active\" data-bdt-slideshow-parallax=\"y: 150,0,-100; opacity: 1,1,0\">\n                  \n        \n            <a class=\"bdt-slide-btn\"  href=\"https:\/\/gpmbc.fr\/index.php\/2020\/04\/06\/les-associations-dusagers-du-port-boulogne-calais-souhaitent-des-mesures-daccompagnement-de-la-part-de-la-sepd\/\">\n\n                \n                <span class=\"bdt-prime-slider-button-wrapper\">\n                    <span class=\"bdt-prime-slider-button-text bdt-flex bdt-flex-middle bdt-flex-inline\">Read More<span class=\"bdt-slide-btn-icon\"><svg width=\"20\" height=\"20\" viewBox=\"0 0 20 20\" xmlns=\"http:\/\/www.w3.org\/2000\/svg\" data-svg=\"arrow-right\">\n                        <polyline fill=\"none\" stroke=\"#000\" points=\"10 5 15 9.5 10 14\"><\/polyline>\n                        <line fill=\"none\" stroke=\"#000\" x1=\"4\" y1=\"9.5\" x2=\"15\" y2=\"9.5\"><\/line>\n                    <\/svg><\/span><\/span>\n                <\/span>\n\n\n            <\/a>\n                      <\/div>\n            <\/div>\n          <\/div>\n        <\/div>\n      <\/div>\n      <\/div>\n\n        \n              \n          <\/li>\n\n\n            \n      <\/ul>\n\n        \n                <div class=\"bdt-navigation-arrows bdt-position-center-right reveal-muted\">\n          <a class=\"bdt-prime-slider-previous\" href=\"#\" bdt-slidenav-previous bdt-slideshow-item=\"previous\"><\/a>\n          <a class=\"bdt-prime-slider-next\" href=\"#\" bdt-slidenav-next bdt-slideshow-item=\"next\"><\/a>\n        <\/div>\n        \n      <div class=\"bdt-ps-thumbnav reveal-muted\">\n\n          \n            <li class=\"bdt-slide-counter\" bdt-slideshow-item=\"2\"\n                data-label=\"01\">\n                \n        <div class=\"bdt-ps-slide-img\" style=\"background-image: url('https:\/\/gpmbc.fr\/wp-content\/uploads\/2020\/03\/GMPBC_photo.reunion.15nov19-e1591879860300.jpg')\"><\/div>\n\n                                    <\/li>\n\n              \n            <li class=\"bdt-slide-counter\" bdt-slideshow-item=\"0\"\n                data-label=\"02\">\n                \n        <div class=\"bdt-ps-slide-img\" style=\"background-image: url('https:\/\/gpmbc.fr\/wp-content\/uploads\/2020\/02\/GPMBC_signature.statuts.14.02.20-scaled.jpg')\"><\/div>\n\n                                    <\/li>\n\n              \n            <li class=\"bdt-slide-counter\" bdt-slideshow-item=\"1\"\n                data-label=\"03\">\n                \n        <div class=\"bdt-ps-slide-img\" style=\"background-image: url('https:\/\/gpmbc.fr\/wp-content\/uploads\/2020\/04\/TP.PortEst.termaux-scaled.jpg')\"><\/div>\n\n                                    <\/li>\n\n              \n      <\/div>\n                \n        \n        <ul class=\"bdt-slideshow-nav bdt-dotnav bdt-dotnav-vertical bdt-position-center-left reveal-muted\"><\/ul>\n\n        \n      <ul class=\"bdt-ps-dotnav bdt-position-center-right reveal-muted\">\n          \n            <li bdt-slideshow-item=\"0\"\n                data-label=\"01\"><a\n                  href=\"#\">01<\/a>\n\n                \n            <\/li>\n\n              \n            <li bdt-slideshow-item=\"1\"\n                data-label=\"02\"><a\n                  href=\"#\">02<\/a>\n\n                \n            <\/li>\n\n              \n            <li bdt-slideshow-item=\"2\"\n                data-label=\"03\"><a\n                  href=\"#\">03<\/a>\n\n                \n            <\/li>\n\n                      <span>03<\/span>\n\n      <\/ul>\n        \n      <\/div>\n        \t\t\t\t\t\t<div class=\"bdt-social-icon reveal-muted\">\n\n\t\t\t\t\t\t\t\n\t\t\t\t\t\t\t\t\t\t\t\t\t\t\t<a data-bdt-tooltip=\"title: Facebook; pos: top\">\n\t\t\t\t\t\t\t\t\t<span><span>\n\t\t\t\t\t\t\t\t\t\t\t<svg aria-hidden=\"true\" class=\"fa-fw e-font-icon-svg e-fab-facebook-f\" viewBox=\"0 0 320 512\" xmlns=\"http:\/\/www.w3.org\/2000\/svg\"><path d=\"M279.14 288l14.22-92.66h-88.91v-60.13c0-25.35 12.42-50.06 52.24-50.06h40.42V6.26S260.43 0 225.36 0c-73.22 0-121.08 44.38-121.08 124.72v70.62H22.89V288h81.39v224h100.17V288z\"><\/path><\/svg>\t\t\t\t\t\t\t\t\t\t<\/span><\/span>\n\t\t\t\t\t\t\t\t<\/a>\n\t\t\t\t\t\t\t\t\t\t\t\t\t\t\t<a data-bdt-tooltip=\"title: Twitter; pos: top\">\n\t\t\t\t\t\t\t\t\t<span><span>\n\t\t\t\t\t\t\t\t\t\t\t<svg aria-hidden=\"true\" class=\"fa-fw e-font-icon-svg e-fab-twitter\" viewBox=\"0 0 512 512\" xmlns=\"http:\/\/www.w3.org\/2000\/svg\"><path d=\"M459.37 151.716c.325 4.548.325 9.097.325 13.645 0 138.72-105.583 298.558-298.558 298.558-59.452 0-114.68-17.219-161.137-47.106 8.447.974 16.568 1.299 25.34 1.299 49.055 0 94.213-16.568 130.274-44.832-46.132-.975-84.792-31.188-98.112-72.772 6.498.974 12.995 1.624 19.818 1.624 9.421 0 18.843-1.3 27.614-3.573-48.081-9.747-84.143-51.98-84.143-102.985v-1.299c13.969 7.797 30.214 12.67 47.431 13.319-28.264-18.843-46.781-51.005-46.781-87.391 0-19.492 5.197-37.36 14.294-52.954 51.655 63.675 129.3 105.258 216.365 109.807-1.624-7.797-2.599-15.918-2.599-24.04 0-57.828 46.782-104.934 104.934-104.934 30.213 0 57.502 12.67 76.67 33.137 23.715-4.548 46.456-13.32 66.599-25.34-7.798 24.366-24.366 44.833-46.132 57.827 21.117-2.273 41.584-8.122 60.426-16.243-14.292 20.791-32.161 39.308-52.628 54.253z\"><\/path><\/svg>\t\t\t\t\t\t\t\t\t\t<\/span><\/span>\n\t\t\t\t\t\t\t\t<\/a>\n\t\t\t\t\t\t\t\t\t\t\t\t\t\t\t<a data-bdt-tooltip=\"title: Instagram; pos: top\">\n\t\t\t\t\t\t\t\t\t<span><span>\n\t\t\t\t\t\t\t\t\t\t\t<svg aria-hidden=\"true\" class=\"fa-fw e-font-icon-svg e-fab-instagram\" viewBox=\"0 0 448 512\" xmlns=\"http:\/\/www.w3.org\/2000\/svg\"><path d=\"M224.1 141c-63.6 0-114.9 51.3-114.9 114.9s51.3 114.9 114.9 114.9S339 319.5 339 255.9 287.7 141 224.1 141zm0 189.6c-41.1 0-74.7-33.5-74.7-74.7s33.5-74.7 74.7-74.7 74.7 33.5 74.7 74.7-33.6 74.7-74.7 74.7zm146.4-194.3c0 14.9-12 26.8-26.8 26.8-14.9 0-26.8-12-26.8-26.8s12-26.8 26.8-26.8 26.8 12 26.8 26.8zm76.1 27.2c-1.7-35.9-9.9-67.7-36.2-93.9-26.2-26.2-58-34.4-93.9-36.2-37-2.1-147.9-2.1-184.9 0-35.8 1.7-67.6 9.9-93.9 36.1s-34.4 58-36.2 93.9c-2.1 37-2.1 147.9 0 184.9 1.7 35.9 9.9 67.7 36.2 93.9s58 34.4 93.9 36.2c37 2.1 147.9 2.1 184.9 0 35.9-1.7 67.7-9.9 93.9-36.2 26.2-26.2 34.4-58 36.2-93.9 2.1-37 2.1-147.8 0-184.8zM398.8 388c-7.8 19.6-22.9 34.7-42.6 42.6-29.5 11.7-99.5 9-132.1 9s-102.7 2.6-132.1-9c-19.6-7.8-34.7-22.9-42.6-42.6-11.7-29.5-9-99.5-9-132.1s-2.6-102.7 9-132.1c7.8-19.6 22.9-34.7 42.6-42.6 29.5-11.7 99.5-9 132.1-9s102.7-2.6 132.1 9c19.6 7.8 34.7 22.9 42.6 42.6 11.7 29.5 9 99.5 9 132.1s2.7 102.7-9 132.1z\"><\/path><\/svg>\t\t\t\t\t\t\t\t\t\t<\/span><\/span>\n\t\t\t\t\t\t\t\t<\/a>\n\t\t\t\t\t\t\t\t\t\t\t\t\t<\/div>\n\t\t\t\t\t\t              <div class=\"bdt-scroll-down-wrapper\">\n        <button class=\"bdt-scroll-down reveal-muted\" data-settings=\"[]\" data-selector=\"#id-one\">\n                  <span\n          bdt-scrollspy=\"cls: bdt-animation-slide-right; repeat: true\" class=\"bdt-prime-slider-button-wrapper bdt-scroll-down-content-wrapper\">\n            <span class=\"bdt-scroll-icon\">\n              <span bdt-icon=\"icon: chevron-down\" class=\"bdt-icon\"><svg width=\"20\" height=\"20\" viewBox=\"0 0 20 20\" xmlns=\"http:\/\/www.w3.org\/2000\/svg\" data-svg=\"chevron-down\"><polyline fill=\"none\" stroke=\"#000\" stroke-width=\"1.03\" points=\"16 7 10 13 4 7\"><\/polyline><\/svg><\/span>\n                <!-- <span class=\"bdt-icon\" bdt-icon=\"icon:arrow-down\"><\/span> -->\n            <\/span>\n            <span class=\"bdt-prime-slider-button-text bdt-flex bdt-flex-middle bdt-flex-inline bdt-scroll-down-text\">Scroll Down<\/span>\n        <\/span>\n                <\/button>\n      <\/div>\n\n              <\/div>\n        \t\t<\/div>\n\t\t\t\t<\/div>\n\t\t\t\t<\/div>\n\t\t<div class=\"elementor-element elementor-element-e4e3f04 e-grid e-con-boxed e-con e-parent\" data-id=\"e4e3f04\" data-element_type=\"container\">\n\t\t\t\t\t<div class=\"e-con-inner\">\n\t\t\t\t<div class=\"elementor-element elementor-element-fa1b12c elementor-widget elementor-widget-heading\" data-id=\"fa1b12c\" data-element_type=\"widget\" data-widget_type=\"heading.default\">\n\t\t\t\t<div class=\"elementor-widget-container\">\n\t\t\t<h1 class=\"elementor-heading-title elementor-size-default\">Contactez-nous<\/h1>\t\t<\/div>\n\t\t\t\t<\/div>\n\t\t\t\t\t<\/div>\n\t\t\t\t<\/div>\n\t\t<div class=\"elementor-element elementor-element-1d41bc9 e-grid e-transform e-con-boxed e-con e-parent\" data-id=\"1d41bc9\" data-element_type=\"container\" id=\"id-one\" data-settings=\"{&quot;_transform_translateX_effect&quot;:{&quot;unit&quot;:&quot;px&quot;,&quot;size&quot;:0,&quot;sizes&quot;:[]},&quot;_transform_translateY_effect&quot;:{&quot;unit&quot;:&quot;px&quot;,&quot;size&quot;:0,&quot;sizes&quot;:[]},&quot;_transform_translateX_effect_tablet&quot;:{&quot;unit&quot;:&quot;px&quot;,&quot;size&quot;:&quot;&quot;,&quot;sizes&quot;:[]},&quot;_transform_translateX_effect_mobile&quot;:{&quot;unit&quot;:&quot;px&quot;,&quot;size&quot;:&quot;&quot;,&quot;sizes&quot;:[]},&quot;_transform_translateY_effect_tablet&quot;:{&quot;unit&quot;:&quot;px&quot;,&quot;size&quot;:&quot;&quot;,&quot;sizes&quot;:[]},&quot;_transform_translateY_effect_mobile&quot;:{&quot;unit&quot;:&quot;px&quot;,&quot;size&quot;:&quot;&quot;,&quot;sizes&quot;:[]}}\">\n\t\t\t\t\t<div class=\"e-con-inner\">\n\t\t\t\t<div class=\"elementor-element elementor-element-4880f61 premium-cf7-button-align-center premium-cf7-button-align-center elementor-widget elementor-widget-premium-contact-form\" data-id=\"4880f61\" data-element_type=\"widget\" data-widget_type=\"premium-contact-form.default\">\n\t\t\t\t<div class=\"elementor-widget-container\">\n\t\t\t\r\n\t\t\t\r\n\t\t\t<div class=\"premium-cf7-container\">\r\n\t\t\t\t\n<div class=\"wpcf7 no-js\" id=\"wpcf7-f180-o1\" lang=\"fr-FR\" dir=\"ltr\" data-wpcf7-id=\"180\">\n<div class=\"screen-reader-response\"><p role=\"status\" aria-live=\"polite\" aria-atomic=\"true\"><\/p> <ul><\/ul><\/div>\n<form action=\"\/index.php\/wp-json\/wp\/v2\/pages\/139#wpcf7-f180-o1\" method=\"post\" class=\"wpcf7-form init\" aria-label=\"Formulaire de contact\" novalidate=\"novalidate\" data-status=\"init\">\n<div style=\"display: none;\">\n<input type=\"hidden\" name=\"_wpcf7\" value=\"180\" \/>\n<input type=\"hidden\" name=\"_wpcf7_version\" value=\"6.0.1\" \/>\n<input type=\"hidden\" name=\"_wpcf7_locale\" value=\"fr_FR\" \/>\n<input type=\"hidden\" name=\"_wpcf7_unit_tag\" value=\"wpcf7-f180-o1\" \/>\n<input type=\"hidden\" name=\"_wpcf7_container_post\" value=\"0\" \/>\n<input type=\"hidden\" name=\"_wpcf7_posted_data_hash\" value=\"\" \/>\n<\/div>\n<center>\n\t<p><label> VOTRE NOM (OBLIGATOIRE)<br \/>\n<span class=\"wpcf7-form-control-wrap\" data-name=\"your-name\"><input size=\"40\" maxlength=\"400\" class=\"wpcf7-form-control wpcf7-text wpcf7-validates-as-required\" autocomplete=\"name\" aria-required=\"true\" aria-invalid=\"false\" value=\"\" type=\"text\" name=\"your-name\" \/><\/span><br \/>\n<\/label>\n\t<\/p>\n<\/center>\n<center>\n\t<p><label> VOTRE ADRESSE DE MESSAGERIE (OBLIGATOIRE)<br \/>\n<span class=\"wpcf7-form-control-wrap\" data-name=\"your-email\"><input size=\"40\" maxlength=\"400\" class=\"wpcf7-form-control wpcf7-email wpcf7-validates-as-required wpcf7-text wpcf7-validates-as-email\" autocomplete=\"email\" aria-required=\"true\" aria-invalid=\"false\" value=\"\" type=\"email\" name=\"your-email\" \/><\/span><br \/>\n<\/label>\n\t<\/p>\n<\/center>\n<center>\n\t<p><label> OBJET<br \/>\n<span class=\"wpcf7-form-control-wrap\" data-name=\"your-subject\"><input size=\"40\" maxlength=\"400\" class=\"wpcf7-form-control wpcf7-text wpcf7-validates-as-required\" aria-required=\"true\" aria-invalid=\"false\" value=\"\" type=\"text\" name=\"your-subject\" \/><\/span><br \/>\n<\/label>\n\t<\/p>\n<\/center>\n<center>\n\t<p><label> Votre message (facultatif)<br \/>\n<span class=\"wpcf7-form-control-wrap\" data-name=\"your-message\"><textarea cols=\"40\" rows=\"10\" maxlength=\"2000\" class=\"wpcf7-form-control wpcf7-textarea\" aria-invalid=\"false\" name=\"your-message\"><\/textarea><\/span><br \/>\n<\/label>\n\t<\/p>\n<\/center>\n<center>\n\t<p><input class=\"wpcf7-form-control wpcf7-submit has-spinner\" type=\"submit\" value=\"Envoyer\" \/>\n\t<\/p>\n<\/center><p style=\"display: none !important;\" class=\"akismet-fields-container\" data-prefix=\"_wpcf7_ak_\"><label>&#916;<textarea name=\"_wpcf7_ak_hp_textarea\" cols=\"45\" rows=\"8\" maxlength=\"100\"><\/textarea><\/label><input type=\"hidden\" id=\"ak_js_1\" name=\"_wpcf7_ak_js\" value=\"45\"\/><script>document.getElementById( \"ak_js_1\" ).setAttribute( \"value\", ( new Date() ).getTime() );<\/script><\/p><div class=\"wpcf7-response-output\" aria-hidden=\"true\"><\/div>\n<\/form>\n<\/div>\n\t\t\t<\/div>\r\n\r\n\t\t\t\t\t<\/div>\n\t\t\t\t<\/div>\n\t\t\t\t<div class=\"elementor-element elementor-element-9b5faa3 elementor-widget elementor-widget-google_maps\" data-id=\"9b5faa3\" data-element_type=\"widget\" data-widget_type=\"google_maps.default\">\n\t\t\t\t<div class=\"elementor-widget-container\">\n\t\t\t\t\t<div class=\"elementor-custom-embed\">\n\t\t\t<iframe loading=\"lazy\"\n\t\t\t\t\tsrc=\"https:\/\/maps.google.com\/maps?q=396%20quai%20de%20la%20loire%20calais&#038;t=m&#038;z=14&#038;output=embed&#038;iwloc=near\"\n\t\t\t\t\ttitle=\"396 quai de la loire calais\"\n\t\t\t\t\taria-label=\"396 quai de la loire calais\"\n\t\t\t><\/iframe>\n\t\t<\/div>\n\t\t\t\t<\/div>\n\t\t\t\t<\/div>\n\t\t\t\t\t<\/div>\n\t\t\t\t<\/div>\n\t\t\t\t<\/div>\n\t\t","protected":false},"excerpt":{"rendered":"<p>Le GPMBC relaie ses demandes, adress\u00e9es au Pr\u00e9sident du Conseil Portuaire, d\u2019\u00e9changes sur les \u00ab\u00a0Indicateurs de Performance\u00a0\u00bb (KPI&rsquo;s) de la DSP Le Pr\u00e9sident du GPMBC a envoy\u00e9 \u00e0 des repr\u00e9sentants de la R\u00e9gion et du D\u00e9partement au Conseil Portuaire, la demande de plusieurs de ses membres pour une pr\u00e9sentation publique et Read More Gr\u00e2ce \u00e0&hellip; <\/p>\n<div class=\"readmore-wrapper\"><a href=\"https:\/\/gpmbc.fr\/index.php\/2020\/04\/06\/les-associations-dusagers-du-port-boulogne-calais-souhaitent-des-mesures-daccompagnement-de-la-part-de-la-sepd\/\" class=\"more-link\">Read <\/a><\/div>\n","protected":false},"author":1,"featured_media":8,"parent":0,"menu_order":0,"comment_status":"closed","ping_status":"closed","template":"elementor_canvas","meta":{"footnotes":""},"class_list":["post-139","page","type-page","status-publish","has-post-thumbnail","hentry"],"_links":{"self":[{"href":"https:\/\/gpmbc.fr\/index.php\/wp-json\/wp\/v2\/pages\/139","targetHints":{"allow":["GET"]}}],"collection":[{"href":"https:\/\/gpmbc.fr\/index.php\/wp-json\/wp\/v2\/pages"}],"about":[{"href":"https:\/\/gpmbc.fr\/index.php\/wp-json\/wp\/v2\/types\/page"}],"author":[{"embeddable":true,"href":"https:\/\/gpmbc.fr\/index.php\/wp-json\/wp\/v2\/users\/1"}],"replies":[{"embeddable":true,"href":"https:\/\/gpmbc.fr\/index.php\/wp-json\/wp\/v2\/comments?post=139"}],"version-history":[{"count":49,"href":"https:\/\/gpmbc.fr\/index.php\/wp-json\/wp\/v2\/pages\/139\/revisions"}],"predecessor-version":[{"id":197,"href":"https:\/\/gpmbc.fr\/index.php\/wp-json\/wp\/v2\/pages\/139\/revisions\/197"}],"wp:featuredmedia":[{"embeddable":true,"href":"https:\/\/gpmbc.fr\/index.php\/wp-json\/wp\/v2\/media\/8"}],"wp:attachment":[{"href":"https:\/\/gpmbc.fr\/index.php\/wp-json\/wp\/v2\/media?parent=139"}],"curies":[{"name":"wp","href":"https:\/\/api.w.org\/{rel}","templated":true}]}}